{"id":45,"date":"2021-05-10T20:45:17","date_gmt":"2021-05-10T18:45:17","guid":{"rendered":"http:\/\/www.reparanotebook.com\/?page_id=45"},"modified":"2021-05-13T16:35:21","modified_gmt":"2021-05-13T14:35:21","slug":"profesor","status":"publish","type":"page","link":"https:\/\/www.backup.reparanotebook.com\/","title":{"rendered":"El Profe!"},"content":{"rendered":"\n<hr class=\"wp-block-separator is-style-wide\"\/>\n\n\n\n<div class=\"wp-block-columns is-layout-flex wp-container-core-columns-is-layout-1 wp-block-columns-is-layout-flex\">\n<div class=\"wp-block-column is-layout-flow wp-block-column-is-layout-flow\">\n<p>Hola, mi nombre es Daniel Bustamante, posiblemente me conozcas de otros cursos que tengo en internet, en esta ocasi\u00f3n, quiero contarte que estamos presentando un nuevo curso 100% practico, que desarrollara tus habilidades t\u00e9cnicas para solucionar cualquier tipo de falla en las computadoras port\u00e1tiles, notebooks y Netbooks, (Incluso All in One, si te lo propones!)<br>Hoy, el mundo port\u00e1til esta cambiando nuestra forma de trabajar, comunicarnos y socializar con nuestros amigos, clientes y familia, por lo cual, si eres un t\u00e9cnico potencial, sabes que de una u otra manera, necesitas aprender a reparar NOTEBOOKS, NETBOOKS y mas, capacit\u00e1ndote de manera r\u00e1pida, practica y sin \u201csecretos\u201d, porque con el CAPITAL de TU conocimiento podr\u00e1s hacer la diferencia econ\u00f3mica en tu negocio o taller, nosotros te ense\u00f1amos el CAMINO, para que r\u00e1pidamente puedas empezar a solucionar desde peque\u00f1os inconvenientes y problemas en estos equipos, hasta fallas m\u00e1s complejas a nivel componente.<\/p>\n<\/div>\n\n\n\n<div class=\"wp-block-column is-layout-flow wp-block-column-is-layout-flow\">\n<figure class=\"wp-block-image size-large\"><img loading=\"lazy\" decoding=\"async\" width=\"444\" height=\"560\" src=\"https:\/\/www.backup.reparanotebook.com\/wp-content\/uploads\/2021\/05\/experto-1.jpg\" alt=\"\" class=\"wp-image-70\" srcset=\"https:\/\/www.backup.reparanotebook.com\/wp-content\/uploads\/2021\/05\/experto-1.jpg 444w, https:\/\/www.backup.reparanotebook.com\/wp-content\/uploads\/2021\/05\/experto-1-238x300.jpg 238w, https:\/\/www.backup.reparanotebook.com\/wp-content\/uploads\/2021\/05\/experto-1-48x60.jpg 48w\" sizes=\"auto, (max-width: 444px) 100vw, 444px\" \/><\/figure>\n<\/div>\n<\/div>\n\n\n\n<p>Tengo la satisfacci\u00f3n de que muchos han confiado en este producto, incluso en otros paises donde tuve el honor de ser invitado para dar seminarios de capacitaci\u00f3n que fueron todo un \u00e9xito!!<\/p>\n\n\n\n<div class=\"wp-block-columns is-layout-flex wp-container-core-columns-is-layout-2 wp-block-columns-is-layout-flex\">\n<div class=\"wp-block-column is-layout-flow wp-block-column-is-layout-flow\">\n<figure class=\"wp-block-image size-large\"><a href=\"https:\/\/www.backup.reparanotebook.com\/?page_id=122\"><img loading=\"lazy\" decoding=\"async\" width=\"400\" height=\"400\" src=\"https:\/\/www.backup.reparanotebook.com\/wp-content\/uploads\/2021\/05\/fotocolombia.jpg\" alt=\"\" class=\"wp-image-118\" srcset=\"https:\/\/www.backup.reparanotebook.com\/wp-content\/uploads\/2021\/05\/fotocolombia.jpg 400w, https:\/\/www.backup.reparanotebook.com\/wp-content\/uploads\/2021\/05\/fotocolombia-300x300.jpg 300w, https:\/\/www.backup.reparanotebook.com\/wp-content\/uploads\/2021\/05\/fotocolombia-150x150.jpg 150w, https:\/\/www.backup.reparanotebook.com\/wp-content\/uploads\/2021\/05\/fotocolombia-60x60.jpg 60w\" sizes=\"auto, (max-width: 400px) 100vw, 400px\" \/><\/a><\/figure>\n<\/div>\n\n\n\n<div class=\"wp-block-column is-layout-flow wp-block-column-is-layout-flow\">\n<figure class=\"wp-block-image size-large\"><img loading=\"lazy\" decoding=\"async\" width=\"400\" height=\"400\" src=\"https:\/\/www.backup.reparanotebook.com\/wp-content\/uploads\/2021\/05\/fotobolivia.jpg\" alt=\"\" class=\"wp-image-119\" srcset=\"https:\/\/www.backup.reparanotebook.com\/wp-content\/uploads\/2021\/05\/fotobolivia.jpg 400w, https:\/\/www.backup.reparanotebook.com\/wp-content\/uploads\/2021\/05\/fotobolivia-300x300.jpg 300w, https:\/\/www.backup.reparanotebook.com\/wp-content\/uploads\/2021\/05\/fotobolivia-150x150.jpg 150w, https:\/\/www.backup.reparanotebook.com\/wp-content\/uploads\/2021\/05\/fotobolivia-60x60.jpg 60w\" sizes=\"auto, (max-width: 400px) 100vw, 400px\" \/><\/figure>\n<\/div>\n\n\n\n<div class=\"wp-block-column is-layout-flow wp-block-column-is-layout-flow\">\n<figure class=\"wp-block-image size-large\"><img loading=\"lazy\" decoding=\"async\" width=\"400\" height=\"400\" src=\"https:\/\/www.backup.reparanotebook.com\/wp-content\/uploads\/2021\/05\/fotoecuador.jpg\" alt=\"\" class=\"wp-image-120\" srcset=\"https:\/\/www.backup.reparanotebook.com\/wp-content\/uploads\/2021\/05\/fotoecuador.jpg 400w, https:\/\/www.backup.reparanotebook.com\/wp-content\/uploads\/2021\/05\/fotoecuador-300x300.jpg 300w, https:\/\/www.backup.reparanotebook.com\/wp-content\/uploads\/2021\/05\/fotoecuador-150x150.jpg 150w, https:\/\/www.backup.reparanotebook.com\/wp-content\/uploads\/2021\/05\/fotoecuador-60x60.jpg 60w\" sizes=\"auto, (max-width: 400px) 100vw, 400px\" \/><\/figure>\n<\/div>\n<\/div>\n\n\n\n\n","protected":false},"excerpt":{"rendered":"<p>Hola, mi nombre es Daniel Bustamante, posiblemente me conozcas de otros cursos que tengo en internet, en esta ocasi\u00f3n, quiero contarte que estamos presentando un nuevo curso 100% practico, que desarrollara tus habilidades t\u00e9cnicas para solucionar cualquier tipo de falla en las computadoras port\u00e1tiles, notebooks &hellip; <\/p>\n","protected":false},"author":1,"featured_media":0,"parent":0,"menu_order":0,"comment_status":"closed","ping_status":"closed","template":"","meta":{"footnotes":""},"class_list":["post-45","page","type-page","status-publish","hentry"],"_links":{"self":[{"href":"https:\/\/www.backup.reparanotebook.com\/index.php?rest_route=\/wp\/v2\/pages\/45","targetHints":{"allow":["GET"]}}],"collection":[{"href":"https:\/\/www.backup.reparanotebook.com\/index.php?rest_route=\/wp\/v2\/pages"}],"about":[{"href":"https:\/\/www.backup.reparanotebook.com\/index.php?rest_route=\/wp\/v2\/types\/page"}],"author":[{"embeddable":true,"href":"https:\/\/www.backup.reparanotebook.com\/index.php?rest_route=\/wp\/v2\/users\/1"}],"replies":[{"embeddable":true,"href":"https:\/\/www.backup.reparanotebook.com\/index.php?rest_route=%2Fwp%2Fv2%2Fcomments&post=45"}],"version-history":[{"count":8,"href":"https:\/\/www.backup.reparanotebook.com\/index.php?rest_route=\/wp\/v2\/pages\/45\/revisions"}],"predecessor-version":[{"id":125,"href":"https:\/\/www.backup.reparanotebook.com\/index.php?rest_route=\/wp\/v2\/pages\/45\/revisions\/125"}],"wp:attachment":[{"href":"https:\/\/www.backup.reparanotebook.com\/index.php?rest_route=%2Fwp%2Fv2%2Fmedia&parent=45"}],"curies":[{"name":"wp","href":"https:\/\/api.w.org\/{rel}","templated":true}]}}